{"id":346,"date":"2012-05-17T10:12:49","date_gmt":"2012-05-17T07:12:49","guid":{"rendered":"http:\/\/www.notartomberg.ee\/?page_id=346"},"modified":"2018-07-13T19:50:37","modified_gmt":"2018-07-13T16:50:37","slug":"standort-und-parken","status":"publish","type":"page","link":"https:\/\/www.notartomberg.ee\/de\/standort-und-parken\/","title":{"rendered":"Standort und Parken"},"content":{"rendered":"<p><img loading=\"lazy\" decoding=\"async\" class=\"alignnone size-full wp-image-852\" src=\"https:\/\/www.notartomberg.ee\/wp-content\/uploads\/2018\/07\/tartu-notar-tiina-tomberg3.jpg\" alt=\"\" width=\"878\" height=\"464\" srcset=\"https:\/\/www.notartomberg.ee\/wp-content\/uploads\/2018\/07\/tartu-notar-tiina-tomberg3.jpg 878w, https:\/\/www.notartomberg.ee\/wp-content\/uploads\/2018\/07\/tartu-notar-tiina-tomberg3-300x159.jpg 300w, https:\/\/www.notartomberg.ee\/wp-content\/uploads\/2018\/07\/tartu-notar-tiina-tomberg3-768x406.jpg 768w\" sizes=\"auto, (max-width: 878px) 100vw, 878px\" \/><\/p>\n<p>Beim Erfassen der Parkzeit in den Gebieten B und C kostenloses Parken f\u00fcr 1 Stunde.<\/p>\n<table class=\"data\" border=\"1\">\n<tbody>\n<tr class=\"table-header\" align=\"left\">\n<td align=\"left\"><strong><strong>Zone<\/strong><\/strong><\/td>\n<td align=\"left\"><strong><strong>Informationen<\/strong><\/strong><\/td>\n<td align=\"left\" width=\"320px\"><strong><strong>Zahlungsweise<\/strong><\/strong><\/td>\n<\/tr>\n<tr align=\"left\">\n<td align=\"left\"><strong>1<br \/>\n<a href=\"http:\/\/www.europark.ee\/#tartu:76\" target=\"_blank\" rel=\"noopener\">Europark<\/a><\/strong><br \/>\nEtagenparkhaus Tasku<br \/>\n(Einfahrten von der Kreuzung Riia-Turu und von der Soola-Stra\u00dfe vor dem Hotel Dorpat)<\/td>\n<td align=\"left\">Auf den Parkpl\u00e4tzen der 2.-4. Etage erste Parkstunde kostenlos, anschlie\u00dfend jede angefangene Stunde <strong>1 \u20ac<\/strong>.<\/td>\n<td align=\"left\">* Automaten f\u00fcr Bargeldzahlungen auf jeder Parkhausetage<\/p>\n<p>* Kartenzahlungen am Zahlungsautomat der 2. Etage<\/p>\n<p>&nbsp;<\/td>\n<\/tr>\n<tr align=\"left\">\n<td align=\"left\"><strong>2<\/strong><br \/>\n<strong><a href=\"http:\/\/www.europark.ee\/#tartu:76\">Europark<\/a><\/strong><br \/>\nParkpl\u00e4tze Tasku im Kellergeschoss<br \/>\n(Einfahrt von der Soola-Stra\u00dfe)<\/td>\n<td align=\"left\">Von 07.00-23.00 Uhr erste 15 min kostenlos, jede weitere angefangene Stunde <strong>1 \u20ac<\/strong>.<\/p>\n<p>&nbsp;<\/td>\n<td align=\"left\">Am Zahlungsautomat der 0. Etage Zahlungen in bar oder als Kartenzahlung<\/p>\n<p>&nbsp;<\/td>\n<\/tr>\n<tr align=\"left\">\n<td align=\"left\"><strong>3<\/strong><br \/>\n<strong><a href=\"http:\/\/www.europark.ee\/#tartu:77\" target=\"_blank\" rel=\"noopener\">Europark<\/a><\/strong><br \/>\n(Turu 6)<\/td>\n<td align=\"left\">\n<ul>\n<li>0,5 \u20ac \/ 0,5 h<\/li>\n<li>5 \u20ac\/ 24 h \u2013 das mobile rund um die Uhr Parken wird automatisch nach Ablauf von 24h je nach der maximalen Tagesgeb\u00fchr beendet<\/li>\n<li>Geb\u00fchrenerhebung pro 15 Minuten<\/li>\n<\/ul>\n<\/td>\n<td align=\"left\"><strong>Bargeldzahlungen am Automat;<\/strong><\/p>\n<p><strong>m-Parken (SMS)<\/strong><\/p>\n<ul>\n<li>SMS an die Nummer 1902 (EMT,TELE2, Elisa)<\/li>\n<li>In die SMS schreiben Sie: amtl. Kennzeichen, Leerzeichen,\u00a0<strong>EP33<\/strong>(z.B.: 111abc EP33)<\/li>\n<\/ul>\n<p>Zum Beenden rufen Sie die Nummer 1903 an (EMT, TELE2, Elisa)<\/td>\n<\/tr>\n<tr align=\"left\">\n<td align=\"left\"><strong>4<\/strong><\/p>\n<p><strong><strong><strong><a href=\"http:\/\/www.tartu.ee\/?lang_id=1&amp;menu_id=6&amp;page_id=3993\" target=\"_blank\" rel=\"noopener\">B-Gebiet der Stadt Tartu<\/a><\/strong><br \/>\n<\/strong><\/strong><\/td>\n<td align=\"left\">Werktags von 8.00 \u2013 18.00 Uhr.<\/p>\n<p>1 Stunde \u2013\u00a01 \u20ac<\/p>\n<p>1 Tag &#8211;\u00a05 \u20ac<\/p>\n<p>Beim Erfassen der Anfangszeit des Parkens 1 Stunde kostenlos<\/p>\n<p>&nbsp;<\/p>\n<p>&nbsp;<\/td>\n<td align=\"left\"><strong>Bargeldzahlungen am Automat <\/strong>(an der Ecke der Kaluri- und Sadama-Str. und auf dem Parkplatz Soola 3A)<\/p>\n<p><strong>m-Parken (SMS)<\/strong><\/p>\n<ul>\n<li>SMS an die Nummer 1902 (EMT, TELE2, Elisa) In die SMS schreiben Sie: amtl. Kennzeichen, Leerzeichen,\u00a0B60 (z.B.: 111abc\u00a0B60)<\/li>\n<\/ul>\n<p>Zum Beenden rufen Sie die Nummer 1903 an (EMT, TELE2, Elisa)<\/td>\n<\/tr>\n<\/tbody>\n<\/table>\n<p>&nbsp;<\/p>\n","protected":false},"excerpt":{"rendered":"<p>Beim Erfassen der Parkzeit in den Gebieten B und C kostenloses Parken f\u00fcr 1 Stunde. Zone Informationen Zahlungsweise 1 Europark Etagenparkhaus Tasku (Einfahrten von der Kreuzung Riia-Turu und von der Soola-Stra\u00dfe vor dem Hotel Dorpat) Auf den Parkpl\u00e4tzen der 2.-4. Etage erste Parkstunde kostenlos, anschlie\u00dfend jede angefangene Stunde 1 \u20ac. * Automaten f\u00fcr Bargeldzahlungen auf [&hellip;]<\/p>\n","protected":false},"author":1,"featured_media":0,"parent":0,"menu_order":5,"comment_status":"closed","ping_status":"open","template":"templates\/parkimine.php","meta":{"footnotes":""},"class_list":["post-346","page","type-page","status-publish","hentry"],"_links":{"self":[{"href":"https:\/\/www.notartomberg.ee\/de\/wp-json\/wp\/v2\/pages\/346","targetHints":{"allow":["GET"]}}],"collection":[{"href":"https:\/\/www.notartomberg.ee\/de\/wp-json\/wp\/v2\/pages"}],"about":[{"href":"https:\/\/www.notartomberg.ee\/de\/wp-json\/wp\/v2\/types\/page"}],"author":[{"embeddable":true,"href":"https:\/\/www.notartomberg.ee\/de\/wp-json\/wp\/v2\/users\/1"}],"replies":[{"embeddable":true,"href":"https:\/\/www.notartomberg.ee\/de\/wp-json\/wp\/v2\/comments?post=346"}],"version-history":[{"count":10,"href":"https:\/\/www.notartomberg.ee\/de\/wp-json\/wp\/v2\/pages\/346\/revisions"}],"predecessor-version":[{"id":872,"href":"https:\/\/www.notartomberg.ee\/de\/wp-json\/wp\/v2\/pages\/346\/revisions\/872"}],"wp:attachment":[{"href":"https:\/\/www.notartomberg.ee\/de\/wp-json\/wp\/v2\/media?parent=346"}],"curies":[{"name":"wp","href":"https:\/\/api.w.org\/{rel}","templated":true}]}}