{"id":348,"date":"2012-05-17T10:16:54","date_gmt":"2012-05-17T07:16:54","guid":{"rendered":"http:\/\/www.notartomberg.ee\/?page_id=348"},"modified":"2025-08-28T13:52:05","modified_gmt":"2025-08-28T10:52:05","slug":"unsere-mitarbeiter","status":"publish","type":"page","link":"https:\/\/www.notartomberg.ee\/de\/unsere-mitarbeiter\/","title":{"rendered":"Unsere Mitarbeiter\/innen"},"content":{"rendered":"<p>&nbsp;<\/p>\n<p>&nbsp;<\/p>\n<table style=\"width: 100%;\" border=\"0\">\n<tbody>\n<tr valign=\"middle\">\n<td><strong>Tiina Tomberg<br \/>\n<\/strong>Am 01.11.1993 wurde sie zur Notarin ernannt, davor war sie als staatliche Notarin in<br \/>\nOtep\u00e4\u00e4 (1991-1993, Archiv dem Landarchiv Valga \u00fcbergeben) und in Tartu (1993,<br \/>\nArchiv dem Landarchiv Tartu \u00fcbergeben) t\u00e4tig.Das Notarb\u00fcro hat sich unter den Adressen Munga-Str. 18, Kitsas-Str. 3 und<br \/>\nSoola-Str. 8 befunden.<\/p>\n<p style=\"margin: 0cm;\">Telefon +372 731 1991, +372 520 3191<\/p>\n<p style=\"margin: 0cm;\">E-Mail\u00a0<a href=\"javascript:DeCryptX('1u0i1j1o1b1\/2v3r1n2d1f0r0g0@3q2q3w1b2t202g0e')\">tii&#110;&#97;&#46;&#116;&#111;&#109;&#98;&#101;&#114;&#103;&#64;n&#111;t&#97;&#114;&#46;ee<\/a><\/p>\n<\/td>\n<td><img loading=\"lazy\" decoding=\"async\" class=\"alignnone wp-image-652\" src=\"https:\/\/www.notartomberg.ee\/wp-content\/uploads\/2017\/12\/S5D_3437-1-Tiina-1-300x200.jpg\" alt=\"\" width=\"281\" height=\"187\" srcset=\"https:\/\/www.notartomberg.ee\/wp-content\/uploads\/2017\/12\/S5D_3437-1-Tiina-1-300x200.jpg 300w, https:\/\/www.notartomberg.ee\/wp-content\/uploads\/2017\/12\/S5D_3437-1-Tiina-1-768x512.jpg 768w, https:\/\/www.notartomberg.ee\/wp-content\/uploads\/2017\/12\/S5D_3437-1-Tiina-1-1024x683.jpg 1024w\" sizes=\"auto, (max-width: 281px) 100vw, 281px\" \/><\/td>\n<\/tr>\n<tr valign=\"middle\">\n<td><strong>Liina Puusepp<br \/>\n<\/strong>Notarvertreterin<br \/>\nTelefon +372 731 1991, +372 520 3191<br \/>\nE-Mail\u00a0<a href=\"javascript:DeCryptX('3o3l2k0n3d310p1v1v1t2g0p3s0@2p0o2v3d1s200e3h')\">&#108;ii&#110;&#97;.&#112;u&#117;sep&#112;&#64;&#110;&#111;tar&#46;e&#101;<\/a><span style=\"text-decoration: underline;\"><br \/>\n<\/span>Im Notarb\u00fcro seit 28.03.1995, als Notarvertreterin seit dem Jahr 2007 t\u00e4tig.<\/td>\n<td><img loading=\"lazy\" decoding=\"async\" class=\"alignnone wp-image-653\" src=\"https:\/\/www.notartomberg.ee\/wp-content\/uploads\/2017\/12\/S5D_3558-Liina-300x200.jpg\" alt=\"\" width=\"281\" height=\"187\" srcset=\"https:\/\/www.notartomberg.ee\/wp-content\/uploads\/2017\/12\/S5D_3558-Liina-300x200.jpg 300w, https:\/\/www.notartomberg.ee\/wp-content\/uploads\/2017\/12\/S5D_3558-Liina-768x512.jpg 768w, https:\/\/www.notartomberg.ee\/wp-content\/uploads\/2017\/12\/S5D_3558-Liina-1024x683.jpg 1024w\" sizes=\"auto, (max-width: 281px) 100vw, 281px\" \/><\/td>\n<\/tr>\n<tr>\n<td><strong>Kristel Tomberg<br \/>\n<\/strong>Notarvertreterin<br \/>\nTelefon +372 731 1991, +372 520 3191<br \/>\nE-Mail\u00a0<a href=\"javascript:DeCryptX('3n3u2k2u0t0e0l203w0o2o2d2g0r2i1A0n0o1u0a1s312g3h')\">kri&#115;&#116;&#101;l&#46;&#116;&#111;&#109;be&#114;&#103;&#64;nota&#114;.&#101;&#101;<\/a><span style=\"text-decoration: underline;\"><br \/>\n<\/span>Im Notariat seit 30.06.2003, im Notarb\u00fcro seit 02.04.2012, als Notarvertreterin seit<br \/>\ndem Jahr 2010 t\u00e4tig, Notarassessorin seit 2022.<\/td>\n<td><img loading=\"lazy\" decoding=\"async\" class=\"alignnone wp-image-654\" src=\"https:\/\/www.notartomberg.ee\/wp-content\/uploads\/2017\/12\/S5D_3461-Kristel--300x200.jpg\" alt=\"\" width=\"281\" height=\"187\" srcset=\"https:\/\/www.notartomberg.ee\/wp-content\/uploads\/2017\/12\/S5D_3461-Kristel--300x200.jpg 300w, https:\/\/www.notartomberg.ee\/wp-content\/uploads\/2017\/12\/S5D_3461-Kristel--768x512.jpg 768w, https:\/\/www.notartomberg.ee\/wp-content\/uploads\/2017\/12\/S5D_3461-Kristel--1024x683.jpg 1024w\" sizes=\"auto, (max-width: 281px) 100vw, 281px\" \/><\/td>\n<\/tr>\n<tr>\n<td><strong>Mai K\u00e4\u00e4ra<\/strong><br \/>\nTelefon +372 731 1991, +372 520 3191<br \/>\nE-Mail\u00a0<a href=\"javascript:DeCryptX('2o3d3l311l1b2c0r3d0@0n3r3w1b3u311f2g')\">&#109;&#97;i.&#107;&#97;a&#114;&#97;&#64;&#110;&#111;&#116;a&#114;.&#101;&#101;<\/a><span style=\"text-decoration: underline;\"><br \/>\n<\/span>Im Notarb\u00fcro seit 22.11.1993<span style=\"text-decoration: underline;\"><br \/>\n<\/span><a href=\"javascript:DeCryptX('1n1b0i200k0a0a2t3d3C0n0o3w3d1s0.2g2g')\"><br \/>\n<\/a><\/td>\n<td><img loading=\"lazy\" decoding=\"async\" class=\"alignnone size-medium wp-image-1325\" src=\"https:\/\/www.notartomberg.ee\/wp-content\/uploads\/2020\/03\/TT-b\u00fcroo-3335--300x200.jpg\" alt=\"\" width=\"300\" height=\"200\" srcset=\"https:\/\/www.notartomberg.ee\/wp-content\/uploads\/2020\/03\/TT-b\u00fcroo-3335--300x200.jpg 300w, https:\/\/www.notartomberg.ee\/wp-content\/uploads\/2020\/03\/TT-b\u00fcroo-3335--768x512.jpg 768w, https:\/\/www.notartomberg.ee\/wp-content\/uploads\/2020\/03\/TT-b\u00fcroo-3335--1024x683.jpg 1024w\" sizes=\"auto, (max-width: 300px) 100vw, 300px\" \/><\/td>\n<\/tr>\n<tr>\n<td><strong>Anu Kevvai<br \/>\n<\/strong>Telefon +372 731 1991, +372 520 3191<br \/>\nE-Mail\u00a0<a href=\"javascript:DeCryptX('3d1o0u202m2g1w0v3d0i1A0n1p0t2c1s203h1f')\">an&#117;&#46;&#107;&#101;&#118;v&#97;i&#64;n&#111;tar&#46;&#101;e<\/a><span style=\"text-decoration: underline;\"><br \/>\n<\/span>Im\u00a0Notariat seit 04.04.1994, im Notarb\u00fcro seit 26.08.1996<\/td>\n<td><img loading=\"lazy\" decoding=\"async\" class=\"alignnone wp-image-655\" src=\"https:\/\/www.notartomberg.ee\/wp-content\/uploads\/2017\/12\/S5D_3485-Anu-300x200.jpg\" alt=\"\" width=\"281\" height=\"187\" srcset=\"https:\/\/www.notartomberg.ee\/wp-content\/uploads\/2017\/12\/S5D_3485-Anu-300x200.jpg 300w, https:\/\/www.notartomberg.ee\/wp-content\/uploads\/2017\/12\/S5D_3485-Anu-768x512.jpg 768w, https:\/\/www.notartomberg.ee\/wp-content\/uploads\/2017\/12\/S5D_3485-Anu-1024x683.jpg 1024w\" sizes=\"auto, (max-width: 281px) 100vw, 281px\" \/><\/td>\n<\/tr>\n<tr>\n<td><strong>Katrin Tiru<br \/>\n<\/strong>Telefon +372 731 1991, +372 520 3191<br \/>\nE-Mail\u00a0<a href=\"javascript:DeCryptX('2m1b0t0r0i0n0.2v1j0r2w2B1o3r1u1b2t1u1p0m0b0e1s1h200e3h')\">ka&#116;&#114;&#105;&#110;.t&#105;r&#117;&#64;&#110;&#111;t&#97;r&#116;omber&#103;.&#101;e<\/a><span style=\"text-decoration: underline;\"><br \/>\n<\/span>im Notarb\u00fcro seit 02.12.2019<\/td>\n<td><img loading=\"lazy\" decoding=\"async\" class=\"alignnone size-medium wp-image-1334\" src=\"https:\/\/www.notartomberg.ee\/wp-content\/uploads\/2020\/03\/TT-b-3354--300x200.jpg\" alt=\"\" width=\"300\" height=\"200\" srcset=\"https:\/\/www.notartomberg.ee\/wp-content\/uploads\/2020\/03\/TT-b-3354--300x200.jpg 300w, https:\/\/www.notartomberg.ee\/wp-content\/uploads\/2020\/03\/TT-b-3354--768x512.jpg 768w, https:\/\/www.notartomberg.ee\/wp-content\/uploads\/2020\/03\/TT-b-3354--1024x683.jpg 1024w\" sizes=\"auto, (max-width: 300px) 100vw, 300px\" \/><\/td>\n<\/tr>\n<\/tbody>\n<\/table>\n","protected":false},"excerpt":{"rendered":"<p>&nbsp; &nbsp; Tiina Tomberg Am 01.11.1993 wurde sie zur Notarin ernannt, davor war sie als staatliche Notarin in Otep\u00e4\u00e4 (1991-1993, Archiv dem Landarchiv Valga \u00fcbergeben) und in Tartu (1993, Archiv dem Landarchiv Tartu \u00fcbergeben) t\u00e4tig.Das Notarb\u00fcro hat sich unter den Adressen Munga-Str. 18, Kitsas-Str. 3 und Soola-Str. 8 befunden. Telefon +372 731 1991, +372 520 [&hellip;]<\/p>\n","protected":false},"author":1,"featured_media":0,"parent":0,"menu_order":20,"comment_status":"closed","ping_status":"open","template":"templates\/inimesed.php","meta":{"footnotes":""},"class_list":["post-348","page","type-page","status-publish","hentry"],"_links":{"self":[{"href":"https:\/\/www.notartomberg.ee\/de\/wp-json\/wp\/v2\/pages\/348","targetHints":{"allow":["GET"]}}],"collection":[{"href":"https:\/\/www.notartomberg.ee\/de\/wp-json\/wp\/v2\/pages"}],"about":[{"href":"https:\/\/www.notartomberg.ee\/de\/wp-json\/wp\/v2\/types\/page"}],"author":[{"embeddable":true,"href":"https:\/\/www.notartomberg.ee\/de\/wp-json\/wp\/v2\/users\/1"}],"replies":[{"embeddable":true,"href":"https:\/\/www.notartomberg.ee\/de\/wp-json\/wp\/v2\/comments?post=348"}],"version-history":[{"count":11,"href":"https:\/\/www.notartomberg.ee\/de\/wp-json\/wp\/v2\/pages\/348\/revisions"}],"predecessor-version":[{"id":2890,"href":"https:\/\/www.notartomberg.ee\/de\/wp-json\/wp\/v2\/pages\/348\/revisions\/2890"}],"wp:attachment":[{"href":"https:\/\/www.notartomberg.ee\/de\/wp-json\/wp\/v2\/media?parent=348"}],"curies":[{"name":"wp","href":"https:\/\/api.w.org\/{rel}","templated":true}]}}