{"id":352,"date":"2012-05-17T10:21:02","date_gmt":"2012-05-17T07:21:02","guid":{"rendered":"http:\/\/www.notartomberg.ee\/?page_id=352"},"modified":"2020-09-03T09:39:38","modified_gmt":"2020-09-03T06:39:38","slug":"gebuhren","status":"publish","type":"page","link":"https:\/\/www.notartomberg.ee\/de\/gebuhren\/","title":{"rendered":"Geb\u00fchren"},"content":{"rendered":"<p><img loading=\"lazy\" decoding=\"async\" class=\"size-full wp-image-79 alignright\" title=\"P3145639\" src=\"https:\/\/www.notartomberg.ee\/wp-content\/uploads\/2011\/04\/P3145639.jpg\" alt=\"\" width=\"391\" height=\"291\" \/><\/p>\n<p><strong>Die Notargeb\u00fchr f\u00fcr<\/strong> <a href=\"https:\/\/www.notar.ee\/et\/teabekeskus\/ametitoimingud\" target=\"_blank\" rel=\"noopener\">Amtshandlungen<\/a> ist durch die <a href=\"https:\/\/www.riigiteataja.ee\/akt\/992413?leiaKehtiv\" target=\"_blank\" rel=\"noopener\">Notargeb\u00fchrenordnung<\/a> festgelegt. Die Geb\u00fchr ist entweder als Festgeb\u00fchr, Rahmengeb\u00fchr oder abh\u00e4ngig vom Gesch\u00e4ftswert festgelegt.<\/p>\n<p>Die Geb\u00fchr f\u00fcr die von der Notarin erbrachten <a href=\"https:\/\/www.notar.ee\/et\/teabekeskus\/lisateenused\" target=\"_blank\" rel=\"noopener\">amtlichen Dienstleistungen<\/a> wird im Einzelfall vereinbart.<\/p>\n<p>F\u00fcr die Vollziehung von Eintragungen in das Grundbuch, G\u00fcterrechtsregister, Handelsregister u.a. ist die im <a href=\"https:\/\/www.riigiteataja.ee\/akt\/131122015037?leiaKehtiv\" target=\"_blank\" rel=\"noopener\">Gesetz \u00fcber Staatsgeb\u00fchren<\/a> vorgesehene\u00a0<strong>Staatsgeb\u00fchr <\/strong>zu entrichten.<\/p>\n<p>Wir erteilen gerne Auskunft \u00fcber Notar- und Staatsgeb\u00fchr.<\/p>\n","protected":false},"excerpt":{"rendered":"<p>Die Notargeb\u00fchr f\u00fcr Amtshandlungen ist durch die Notargeb\u00fchrenordnung festgelegt. Die Geb\u00fchr ist entweder als Festgeb\u00fchr, Rahmengeb\u00fchr oder abh\u00e4ngig vom Gesch\u00e4ftswert festgelegt. Die Geb\u00fchr f\u00fcr die von der Notarin erbrachten amtlichen Dienstleistungen wird im Einzelfall vereinbart. F\u00fcr die Vollziehung von Eintragungen in das Grundbuch, G\u00fcterrechtsregister, Handelsregister u.a. ist die im Gesetz \u00fcber Staatsgeb\u00fchren vorgesehene\u00a0Staatsgeb\u00fchr zu entrichten. [&hellip;]<\/p>\n","protected":false},"author":1,"featured_media":0,"parent":0,"menu_order":30,"comment_status":"closed","ping_status":"open","template":"","meta":{"footnotes":""},"class_list":["post-352","page","type-page","status-publish","hentry"],"_links":{"self":[{"href":"https:\/\/www.notartomberg.ee\/de\/wp-json\/wp\/v2\/pages\/352","targetHints":{"allow":["GET"]}}],"collection":[{"href":"https:\/\/www.notartomberg.ee\/de\/wp-json\/wp\/v2\/pages"}],"about":[{"href":"https:\/\/www.notartomberg.ee\/de\/wp-json\/wp\/v2\/types\/page"}],"author":[{"embeddable":true,"href":"https:\/\/www.notartomberg.ee\/de\/wp-json\/wp\/v2\/users\/1"}],"replies":[{"embeddable":true,"href":"https:\/\/www.notartomberg.ee\/de\/wp-json\/wp\/v2\/comments?post=352"}],"version-history":[{"count":7,"href":"https:\/\/www.notartomberg.ee\/de\/wp-json\/wp\/v2\/pages\/352\/revisions"}],"predecessor-version":[{"id":1431,"href":"https:\/\/www.notartomberg.ee\/de\/wp-json\/wp\/v2\/pages\/352\/revisions\/1431"}],"wp:attachment":[{"href":"https:\/\/www.notartomberg.ee\/de\/wp-json\/wp\/v2\/media?parent=352"}],"curies":[{"name":"wp","href":"https:\/\/api.w.org\/{rel}","templated":true}]}}