{"id":354,"date":"2012-05-17T10:22:12","date_gmt":"2012-05-17T07:22:12","guid":{"rendered":"http:\/\/www.notartomberg.ee\/?page_id=354"},"modified":"2020-11-12T09:46:30","modified_gmt":"2020-11-12T07:46:30","slug":"notaranderkonten","status":"publish","type":"page","link":"https:\/\/www.notartomberg.ee\/de\/notaranderkonten\/","title":{"rendered":"Notaranderkonten"},"content":{"rendered":"<p><img loading=\"lazy\" decoding=\"async\" class=\"size-full wp-image-90 alignright\" src=\"https:\/\/www.notartomberg.ee\/wp-content\/uploads\/2011\/04\/P3145667.jpg\" alt=\"\" width=\"391\" height=\"291\" \/>Zur Bezahlung des Kaufpreises ist es am vern\u00fcnftigsten, ein Notaranderkonto bei einer f\u00fcr Sie geeigneten Bank zu nutzen:<\/p>\n<p style=\"margin: 0cm;\">Swedbank EE052200221010850090 TIINA TOMBERG<\/p>\n<p style=\"margin: 0cm;\">SEB Pank EE161010010125472014 TIINA TOMBERG<\/p>\n<p style=\"margin: 0cm;\">Luminor Bank EE371700017000263636 TOMBERG TIINA<\/p>\n<p style=\"margin: 0cm;\">AS LHV Pank EE087700771001084383 TIINA TOMBERG<\/p>\n<p style=\"margin: 0cm;\">Coop Pank AS\u00a0EE844204278616573610 NOTAR TIINA TOMBERG<\/p>\n<p>&nbsp;<\/p>\n<p>Im Beschreibungsfeld der Zahlungsanweisung f\u00fchren Sie bitte die Angaben des Kaufgegenstands an.<\/p>\n<p>Als Grundlage f\u00fcr die Hinterlegung des Geldes dient ein best\u00e4tigter Antrag der die Hinterlegung beantragenden Person, der auch in dem \u00fcber das zu besichernde Gesch\u00e4ft zu erstellenden Notariatsakt enthalten sein kann.<\/p>\n<p>Die Person, die das Geld hinterlegt hat, muss bei der Beurkundung der Niederschrift anwesend sein oder der Notarin einen best\u00e4tigten Hinterlegungsantrag vorlegen!<\/p>\n<p><a href=\"https:\/\/www.notartomberg.ee\/de\/notaranderkonten-fur-auslandsuberweisungen\/\">Notaranderkonten f\u00fcr Auslands\u00fcberweisungen<\/a><\/p>\n","protected":false},"excerpt":{"rendered":"<p>Zur Bezahlung des Kaufpreises ist es am vern\u00fcnftigsten, ein Notaranderkonto bei einer f\u00fcr Sie geeigneten Bank zu nutzen: Swedbank EE052200221010850090 TIINA TOMBERG SEB Pank EE161010010125472014 TIINA TOMBERG Luminor Bank EE371700017000263636 TOMBERG TIINA AS LHV Pank EE087700771001084383 TIINA TOMBERG Coop Pank AS\u00a0EE844204278616573610 NOTAR TIINA TOMBERG &nbsp; Im Beschreibungsfeld der Zahlungsanweisung f\u00fchren Sie bitte die Angaben des [&hellip;]<\/p>\n","protected":false},"author":1,"featured_media":0,"parent":0,"menu_order":40,"comment_status":"closed","ping_status":"open","template":"","meta":{"footnotes":""},"class_list":["post-354","page","type-page","status-publish","hentry"],"_links":{"self":[{"href":"https:\/\/www.notartomberg.ee\/de\/wp-json\/wp\/v2\/pages\/354","targetHints":{"allow":["GET"]}}],"collection":[{"href":"https:\/\/www.notartomberg.ee\/de\/wp-json\/wp\/v2\/pages"}],"about":[{"href":"https:\/\/www.notartomberg.ee\/de\/wp-json\/wp\/v2\/types\/page"}],"author":[{"embeddable":true,"href":"https:\/\/www.notartomberg.ee\/de\/wp-json\/wp\/v2\/users\/1"}],"replies":[{"embeddable":true,"href":"https:\/\/www.notartomberg.ee\/de\/wp-json\/wp\/v2\/comments?post=354"}],"version-history":[{"count":10,"href":"https:\/\/www.notartomberg.ee\/de\/wp-json\/wp\/v2\/pages\/354\/revisions"}],"predecessor-version":[{"id":1501,"href":"https:\/\/www.notartomberg.ee\/de\/wp-json\/wp\/v2\/pages\/354\/revisions\/1501"}],"wp:attachment":[{"href":"https:\/\/www.notartomberg.ee\/de\/wp-json\/wp\/v2\/media?parent=354"}],"curies":[{"name":"wp","href":"https:\/\/api.w.org\/{rel}","templated":true}]}}