{"id":356,"date":"2012-05-17T10:23:36","date_gmt":"2012-05-17T07:23:36","guid":{"rendered":"http:\/\/www.notartomberg.ee\/?page_id=356"},"modified":"2020-09-03T09:43:00","modified_gmt":"2020-09-03T06:43:00","slug":"apostille","status":"publish","type":"page","link":"https:\/\/www.notartomberg.ee\/de\/apostille\/","title":{"rendered":"Apostille"},"content":{"rendered":"<p><img loading=\"lazy\" decoding=\"async\" class=\"size-full wp-image-94 alignright\" src=\"https:\/\/www.notartomberg.ee\/wp-content\/uploads\/2011\/04\/P3145704.jpg\" alt=\"\" width=\"391\" height=\"291\" \/>Seit dem 1. Januar 2010 sind in Estland mit der Apostillierung von \u00f6ffentlichen Dokumenten Notare befasst.<\/p>\n<p>Um ein Dokument mit Apostille zu versehen, ist der Notarin entweder pers\u00f6nlich oder auf dem Postweg Folgendes vorzulegen:<\/p>\n<p>\u2022 schriftlicher Antrag (<img decoding=\"async\" title=\"ftype_doc\" src=\"https:\/\/www.notartomberg.ee\/wp-content\/uploads\/2011\/04\/ftype_doc.gif\" alt=\"\" \/><a href=\"https:\/\/www.notar.ee\/sites\/default\/files\/Apostilliga%20kinnitamise%20taotlus%20%28inglise%20keeles%29.pdf\">Vordruck des Antrags<\/a>)\u00a0und<\/p>\n<p>\u2022 das Dokument, das die Apostille ben\u00f6tigt.<\/p>\n<p>Die Geb\u00fchr f\u00fcr die Apostillierung eines \u00f6ffentlichen Dokuments betr\u00e4gt 22,35 Euro, zuz\u00fcglich der Umsatzsteuer, bei R\u00fccksendung auf dem Postweg f\u00e4llt eine Postgeb\u00fchr an.<\/p>\n<p><a href=\"https:\/\/www.notar.ee\/et\/teabekeskus\/apostillimine\" target=\"_blank\" rel=\"noopener\">N\u00e4here Informationen<\/a><\/p>\n","protected":false},"excerpt":{"rendered":"<p>Seit dem 1. Januar 2010 sind in Estland mit der Apostillierung von \u00f6ffentlichen Dokumenten Notare befasst. Um ein Dokument mit Apostille zu versehen, ist der Notarin entweder pers\u00f6nlich oder auf dem Postweg Folgendes vorzulegen: \u2022 schriftlicher Antrag (Vordruck des Antrags)\u00a0und \u2022 das Dokument, das die Apostille ben\u00f6tigt. Die Geb\u00fchr f\u00fcr die Apostillierung eines \u00f6ffentlichen Dokuments [&hellip;]<\/p>\n","protected":false},"author":1,"featured_media":0,"parent":0,"menu_order":50,"comment_status":"closed","ping_status":"open","template":"","meta":{"footnotes":""},"class_list":["post-356","page","type-page","status-publish","hentry"],"_links":{"self":[{"href":"https:\/\/www.notartomberg.ee\/de\/wp-json\/wp\/v2\/pages\/356","targetHints":{"allow":["GET"]}}],"collection":[{"href":"https:\/\/www.notartomberg.ee\/de\/wp-json\/wp\/v2\/pages"}],"about":[{"href":"https:\/\/www.notartomberg.ee\/de\/wp-json\/wp\/v2\/types\/page"}],"author":[{"embeddable":true,"href":"https:\/\/www.notartomberg.ee\/de\/wp-json\/wp\/v2\/users\/1"}],"replies":[{"embeddable":true,"href":"https:\/\/www.notartomberg.ee\/de\/wp-json\/wp\/v2\/comments?post=356"}],"version-history":[{"count":8,"href":"https:\/\/www.notartomberg.ee\/de\/wp-json\/wp\/v2\/pages\/356\/revisions"}],"predecessor-version":[{"id":1439,"href":"https:\/\/www.notartomberg.ee\/de\/wp-json\/wp\/v2\/pages\/356\/revisions\/1439"}],"wp:attachment":[{"href":"https:\/\/www.notartomberg.ee\/de\/wp-json\/wp\/v2\/media?parent=356"}],"curies":[{"name":"wp","href":"https:\/\/api.w.org\/{rel}","templated":true}]}}