{"id":677,"date":"2017-12-15T10:38:33","date_gmt":"2017-12-15T08:38:33","guid":{"rendered":"http:\/\/www.notartomberg.ee\/?page_id=677"},"modified":"2017-12-20T09:59:59","modified_gmt":"2017-12-20T07:59:59","slug":"beeidigte-uebersetzerin","status":"publish","type":"page","link":"https:\/\/www.notartomberg.ee\/de\/beeidigte-uebersetzerin\/","title":{"rendered":"Beeidigte \u00dcbersetzerin"},"content":{"rendered":"<p><strong>Mag. art., Mag. iur, Kaire Kliimask, Beeidigte \u00dcbersetzerin f\u00fcr die deutsche Sprache<\/strong><br \/>\nBrauchen Sie eine offizielle \u00dcbersetzung aus dem Estnischen ins Deutsche oder umgekehrt,\u00a0so kann ich Ihnen helfen.<br \/>\nAls beeidigte \u00dcbersetzerin bin ich befugt:<\/p>\n<ul>\n<li>Urkunden aus dem Estnischen ins Deutsche und aus dem Deutschen ins Estnische zu\u00a0\u00fcbersetzen<\/li>\n<li>die Richtigkeit der Abschrift oder des Ausdrucks der zu \u00fcbersetzenden Urkunde zu\u00a0beglaubigen<\/li>\n<li>die Kunden zu beraten und die Beglaubigung von Urkunden mit der Apostille zu\u00a0veranlassen<\/li>\n<li>Gesetze und internationale Vertr\u00e4ge zu \u00fcbersetzen<\/li>\n<\/ul>\n<p>Das Honorar f\u00fcr die Leistungen wird vereinzelt vereinbart.<br \/>\nDar\u00fcber hinaus kann ich Ihnen m\u00fcndliche \u00dcbersetzungen, zum Beispiel bei den Notar- oder\u00a0Gerichtsterminen anbieten.<\/p>\n<p><img loading=\"lazy\" decoding=\"async\" class=\"alignnone size-medium wp-image-689\" src=\"https:\/\/www.notartomberg.ee\/wp-content\/uploads\/2017\/12\/S5D_3499-Kaire-200x300.jpg\" alt=\"\" width=\"200\" height=\"300\" srcset=\"https:\/\/www.notartomberg.ee\/wp-content\/uploads\/2017\/12\/S5D_3499-Kaire-200x300.jpg 200w, https:\/\/www.notartomberg.ee\/wp-content\/uploads\/2017\/12\/S5D_3499-Kaire-768x1152.jpg 768w, https:\/\/www.notartomberg.ee\/wp-content\/uploads\/2017\/12\/S5D_3499-Kaire-683x1024.jpg 683w, https:\/\/www.notartomberg.ee\/wp-content\/uploads\/2017\/12\/S5D_3499-Kaire.jpg 1867w\" sizes=\"auto, (max-width: 200px) 100vw, 200px\" \/><\/p>\n<p>Kaire Kliimask<br \/>\nTel. 512 0801<br \/>\nE-Mail Adresse: <a href=\"javascript:DeCryptX('2u2c3n3v1b0.0v2c3q0d1f0t0o2n2m2B0g2o3d2k0l1\/0c0o3p')\">&#115;&#97;&#107;s&#97;.&#118;a&#110;detol&#107;&#64;&#103;&#109;&#97;&#105;&#108;.&#99;om<\/a><\/p>\n","protected":false},"excerpt":{"rendered":"<p>Mag. art., Mag. iur, Kaire Kliimask, Beeidigte \u00dcbersetzerin f\u00fcr die deutsche Sprache Brauchen Sie eine offizielle \u00dcbersetzung aus dem Estnischen ins Deutsche oder umgekehrt,\u00a0so kann ich Ihnen helfen. Als beeidigte \u00dcbersetzerin bin ich befugt: Urkunden aus dem Estnischen ins Deutsche und aus dem Deutschen ins Estnische zu\u00a0\u00fcbersetzen die Richtigkeit der Abschrift oder des Ausdrucks der [&hellip;]<\/p>\n","protected":false},"author":1,"featured_media":0,"parent":0,"menu_order":0,"comment_status":"closed","ping_status":"closed","template":"","meta":{"footnotes":""},"class_list":["post-677","page","type-page","status-publish","hentry"],"_links":{"self":[{"href":"https:\/\/www.notartomberg.ee\/de\/wp-json\/wp\/v2\/pages\/677","targetHints":{"allow":["GET"]}}],"collection":[{"href":"https:\/\/www.notartomberg.ee\/de\/wp-json\/wp\/v2\/pages"}],"about":[{"href":"https:\/\/www.notartomberg.ee\/de\/wp-json\/wp\/v2\/types\/page"}],"author":[{"embeddable":true,"href":"https:\/\/www.notartomberg.ee\/de\/wp-json\/wp\/v2\/users\/1"}],"replies":[{"embeddable":true,"href":"https:\/\/www.notartomberg.ee\/de\/wp-json\/wp\/v2\/comments?post=677"}],"version-history":[{"count":6,"href":"https:\/\/www.notartomberg.ee\/de\/wp-json\/wp\/v2\/pages\/677\/revisions"}],"predecessor-version":[{"id":691,"href":"https:\/\/www.notartomberg.ee\/de\/wp-json\/wp\/v2\/pages\/677\/revisions\/691"}],"wp:attachment":[{"href":"https:\/\/www.notartomberg.ee\/de\/wp-json\/wp\/v2\/media?parent=677"}],"curies":[{"name":"wp","href":"https:\/\/api.w.org\/{rel}","templated":true}]}}